{"id":559,"date":"2021-01-17T20:19:32","date_gmt":"2021-01-17T20:19:32","guid":{"rendered":"https:\/\/armbruster-verlag.de\/?page_id=559"},"modified":"2025-10-17T12:32:37","modified_gmt":"2025-10-17T12:32:37","slug":"news","status":"publish","type":"page","link":"https:\/\/armbruster-verlag.de\/index.php\/news\/","title":{"rendered":"News"},"content":{"rendered":"<p><span style=\"font-size: 32px; font-weight: bold; letter-spacing: -0.0415625em; font-family: 'Inter var', -apple-system, BlinkMacSystemFont, 'Helvetica Neue', Helvetica, sans-serif;\">2025 <span style=\"font-size: 18px; font-weight: bold; letter-spacing: 0.03125em; text-transform: uppercase; font-family: 'Inter var', -apple-system, BlinkMacSystemFont, 'Helvetica Neue', Helvetica, sans-serif;\">Bericht in der\u00a0 Tageszeitung &#8222;NW&#8220;:<img loading=\"lazy\" decoding=\"async\" class=\"alignnone size-full wp-image-1378\" src=\"https:\/\/armbruster-verlag.de\/wp-content\/uploads\/2025\/10\/KAST-TEXTfinal-NW-10_25-AUSST.jpg\" alt=\"\" width=\"750\" height=\"1135\" srcset=\"https:\/\/armbruster-verlag.de\/wp-content\/uploads\/2025\/10\/KAST-TEXTfinal-NW-10_25-AUSST.jpg 750w, https:\/\/armbruster-verlag.de\/wp-content\/uploads\/2025\/10\/KAST-TEXTfinal-NW-10_25-AUSST-198x300.jpg 198w, https:\/\/armbruster-verlag.de\/wp-content\/uploads\/2025\/10\/KAST-TEXTfinal-NW-10_25-AUSST-677x1024.jpg 677w\" sizes=\"auto, (max-width: 750px) 100vw, 750px\" \/><\/span><\/span><\/p>\n<p><span style=\"font-size: 32px; font-weight: bold; letter-spacing: -0.0415625em; font-family: 'Inter var', -apple-system, BlinkMacSystemFont, 'Helvetica Neue', Helvetica, sans-serif;\"><img loading=\"lazy\" decoding=\"async\" class=\"alignnone size-full wp-image-1268\" src=\"https:\/\/armbruster-verlag.de\/wp-content\/uploads\/2025\/03\/2025-Kunst-im-Kastekleinbildpdf-Kopie.jpg\" alt=\"\" width=\"1432\" height=\"1535\" srcset=\"https:\/\/armbruster-verlag.de\/wp-content\/uploads\/2025\/03\/2025-Kunst-im-Kastekleinbildpdf-Kopie.jpg 1432w, https:\/\/armbruster-verlag.de\/wp-content\/uploads\/2025\/03\/2025-Kunst-im-Kastekleinbildpdf-Kopie-280x300.jpg 280w, https:\/\/armbruster-verlag.de\/wp-content\/uploads\/2025\/03\/2025-Kunst-im-Kastekleinbildpdf-Kopie-955x1024.jpg 955w, https:\/\/armbruster-verlag.de\/wp-content\/uploads\/2025\/03\/2025-Kunst-im-Kastekleinbildpdf-Kopie-768x823.jpg 768w, https:\/\/armbruster-verlag.de\/wp-content\/uploads\/2025\/03\/2025-Kunst-im-Kastekleinbildpdf-Kopie-1200x1286.jpg 1200w\" sizes=\"auto, (max-width: 1432px) 100vw, 1432px\" \/>2022 <\/span><span style=\"font-size: 18px; font-weight: bold; letter-spacing: 0.03125em; text-transform: uppercase; font-family: 'Inter var', -apple-system, BlinkMacSystemFont, 'Helvetica Neue', Helvetica, sans-serif;\">Bericht in der\u00a0 Tageszeitung &#8222;die glocke&#8220; <img loading=\"lazy\" decoding=\"async\" class=\"alignnone size-full wp-image-892\" src=\"https:\/\/armbruster-verlag.de\/wp-content\/uploads\/2022\/04\/2022-R.A..jpg\" alt=\"\" width=\"1586\" height=\"1321\" srcset=\"https:\/\/armbruster-verlag.de\/wp-content\/uploads\/2022\/04\/2022-R.A..jpg 1586w, https:\/\/armbruster-verlag.de\/wp-content\/uploads\/2022\/04\/2022-R.A.-300x250.jpg 300w, https:\/\/armbruster-verlag.de\/wp-content\/uploads\/2022\/04\/2022-R.A.-1024x853.jpg 1024w, https:\/\/armbruster-verlag.de\/wp-content\/uploads\/2022\/04\/2022-R.A.-768x640.jpg 768w, https:\/\/armbruster-verlag.de\/wp-content\/uploads\/2022\/04\/2022-R.A.-1536x1279.jpg 1536w, https:\/\/armbruster-verlag.de\/wp-content\/uploads\/2022\/04\/2022-R.A.-1200x999.jpg 1200w\" sizes=\"auto, (max-width: 1586px) 100vw, 1586px\" \/> \u00a0<\/span><span style=\"font-size: 32px; font-weight: bold; letter-spacing: -0.0415625em; font-family: 'Inter var', -apple-system, BlinkMacSystemFont, 'Helvetica Neue', Helvetica, sans-serif;\">2020 <\/span><span style=\"font-size: 18px; font-weight: bold; letter-spacing: 0.03125em; text-transform: uppercase; font-family: 'Inter var', -apple-system, BlinkMacSystemFont, 'Helvetica Neue', Helvetica, sans-serif;\">der pr\u00e4sdent des landtages nw schreibt:<\/span><\/p>\n<h6><strong>&#8222;&#8230; Sie, Herr Armbruster sind ein anerkannter, erfolgreicher K\u00fcnstler mit einer ganz besonderen, kreativen Ausdruckdorm. Ich habe mir Ihre Homepage intensiv angeschaut und ich gestehe, ich bin sehr beeindruckt von den Bildern und Cartoons&#8220;\/Zitat A. Kuper 29.6.2020<\/strong><\/h6>\n<p><span style=\"font-size: 18px; font-weight: bold; letter-spacing: 0.03125em; text-transform: uppercase; font-family: 'Inter var', -apple-system, BlinkMacSystemFont, 'Helvetica Neue', Helvetica, sans-serif;\">Bericht in der\u00a0 Tageszeitung &#8222;NW&#8220;:<\/span><\/p>\n<article id=\"post-195\" class=\"post-195 page type-page status-publish hentry\">\n<div class=\"post-inner thin \">\n<div class=\"entry-content\">\n<h5><img loading=\"lazy\" decoding=\"async\" class=\"alignnone wp-image-202 size-full\" src=\"https:\/\/armbruster-verlag.de\/wp-content\/uploads\/2020\/12\/NW-2020-2.-Teil.jpg\" alt=\"\" width=\"927\" height=\"1024\" srcset=\"https:\/\/armbruster-verlag.de\/wp-content\/uploads\/2020\/12\/NW-2020-2.-Teil.jpg 927w, https:\/\/armbruster-verlag.de\/wp-content\/uploads\/2020\/12\/NW-2020-2.-Teil-272x300.jpg 272w, https:\/\/armbruster-verlag.de\/wp-content\/uploads\/2020\/12\/NW-2020-2.-Teil-768x848.jpg 768w\" sizes=\"auto, (max-width: 927px) 100vw, 927px\" \/><\/h5>\n<\/div>\n<\/div>\n<h4><span style=\"font-size: 32px; font-weight: bold; letter-spacing: -0.0415625em; font-family: 'Inter var', -apple-system, BlinkMacSystemFont, 'Helvetica Neue', Helvetica, sans-serif;\">2019 <\/span><span style=\"font-size: 18px; font-weight: bold; letter-spacing: 0.03125em; text-transform: uppercase; font-family: 'Inter var', -apple-system, BlinkMacSystemFont, 'Helvetica Neue', Helvetica, sans-serif;\">ausstellung in m\u00fcnchen<\/span><\/h4>\n<div><img loading=\"lazy\" decoding=\"async\" class=\"alignnone size-full wp-image-907\" src=\"https:\/\/armbruster-verlag.de\/wp-content\/uploads\/2022\/04\/2019-EXH-MUe.jpg\" alt=\"\" width=\"983\" height=\"818\" srcset=\"https:\/\/armbruster-verlag.de\/wp-content\/uploads\/2022\/04\/2019-EXH-MUe.jpg 983w, https:\/\/armbruster-verlag.de\/wp-content\/uploads\/2022\/04\/2019-EXH-MUe-300x250.jpg 300w, https:\/\/armbruster-verlag.de\/wp-content\/uploads\/2022\/04\/2019-EXH-MUe-768x639.jpg 768w\" sizes=\"auto, (max-width: 983px) 100vw, 983px\" \/><\/div>\n<h4><span style=\"font-size: 32px; font-weight: bold; letter-spacing: -0.0415625em; font-family: 'Inter var', -apple-system, BlinkMacSystemFont, 'Helvetica Neue', Helvetica, sans-serif;\">2016 <\/span><span style=\"font-size: 18px; font-weight: bold; letter-spacing: 0.03125em; text-transform: uppercase; font-family: 'Inter var', -apple-system, BlinkMacSystemFont, 'Helvetica Neue', Helvetica, sans-serif;\">ausstellung in K\u00f6ln<\/span><\/h4>\n<p><img loading=\"lazy\" decoding=\"async\" class=\"alignnone size-full wp-image-923\" src=\"https:\/\/armbruster-verlag.de\/wp-content\/uploads\/2022\/04\/2016-AUST-pla-Koeln.jpg\" alt=\"\" width=\"787\" height=\"653\" srcset=\"https:\/\/armbruster-verlag.de\/wp-content\/uploads\/2022\/04\/2016-AUST-pla-Koeln.jpg 787w, https:\/\/armbruster-verlag.de\/wp-content\/uploads\/2022\/04\/2016-AUST-pla-Koeln-300x249.jpg 300w, https:\/\/armbruster-verlag.de\/wp-content\/uploads\/2022\/04\/2016-AUST-pla-Koeln-768x637.jpg 768w\" sizes=\"auto, (max-width: 787px) 100vw, 787px\" \/><\/p>\n<h4><span style=\"font-size: 32px; font-weight: bold; letter-spacing: -0.0415625em; font-family: 'Inter var', -apple-system, BlinkMacSystemFont, 'Helvetica Neue', Helvetica, sans-serif;\">2006 <\/span><span style=\"font-size: 18px; font-weight: bold; letter-spacing: 0.03125em; text-transform: uppercase; font-family: 'Inter var', -apple-system, BlinkMacSystemFont, 'Helvetica Neue', Helvetica, sans-serif;\">extrabild f\u00fcr prof. h\u00f6rstmeier zum jubil\u00e4um<\/span><\/h4>\n<div><img loading=\"lazy\" decoding=\"async\" class=\"alignnone size-full wp-image-909\" src=\"https:\/\/armbruster-verlag.de\/wp-content\/uploads\/2022\/04\/HOM-Hoe-2.jpg\" alt=\"\" width=\"664\" height=\"571\" srcset=\"https:\/\/armbruster-verlag.de\/wp-content\/uploads\/2022\/04\/HOM-Hoe-2.jpg 664w, https:\/\/armbruster-verlag.de\/wp-content\/uploads\/2022\/04\/HOM-Hoe-2-300x258.jpg 300w\" sizes=\"auto, (max-width: 664px) 100vw, 664px\" \/><\/div>\n<div>\n<h4><span style=\"font-size: 32px; font-weight: bold; letter-spacing: -0.0415625em; font-family: 'Inter var', -apple-system, BlinkMacSystemFont, 'Helvetica Neue', Helvetica, sans-serif;\">2001 <\/span><span style=\"font-size: 18px; font-weight: bold; letter-spacing: 0.03125em; text-transform: uppercase; font-family: 'Inter var', -apple-system, BlinkMacSystemFont, 'Helvetica Neue', Helvetica, sans-serif;\">extrabild f\u00fcr prof. h\u00f6rstmeier zum jubil\u00e4um<\/span><\/h4>\n<\/div>\n<div><img loading=\"lazy\" decoding=\"async\" class=\"alignnone size-full wp-image-908\" src=\"https:\/\/armbruster-verlag.de\/wp-content\/uploads\/2022\/04\/HOM-Hoe-1.jpg\" alt=\"\" width=\"797\" height=\"604\" srcset=\"https:\/\/armbruster-verlag.de\/wp-content\/uploads\/2022\/04\/HOM-Hoe-1.jpg 797w, https:\/\/armbruster-verlag.de\/wp-content\/uploads\/2022\/04\/HOM-Hoe-1-300x227.jpg 300w, https:\/\/armbruster-verlag.de\/wp-content\/uploads\/2022\/04\/HOM-Hoe-1-768x582.jpg 768w\" sizes=\"auto, (max-width: 797px) 100vw, 797px\" \/><\/div>\n<div>2000<\/div>\n<\/article>\n<p>&nbsp;<\/p>\n<div class=\"footer-nav-widgets-wrapper header-footer-group\">\n<div class=\"footer-inner section-inner\">\n<aside class=\"footer-widgets-outer-wrapper\" role=\"complementary\">\n<div class=\"footer-widgets-wrapper\">\n<div class=\"footer-widgets column-one grid-item\">\n<div class=\"widget widget_text\">\n<div class=\"widget-content\"><\/div>\n<\/div>\n<\/div>\n<\/div>\n<\/aside>\n<\/div>\n<\/div>\n","protected":false},"excerpt":{"rendered":"<p>2025 Bericht in der\u00a0 Tageszeitung &#8222;NW&#8220;: 2022 Bericht in der\u00a0 Tageszeitung &#8222;die glocke&#8220; \u00a02020 der pr\u00e4sdent des landtages nw schreibt: &#8222;&#8230; Sie, Herr Armbruster sind ein anerkannter, erfolgreicher K\u00fcnstler mit einer ganz besonderen, kreativen Ausdruckdorm. Ich habe mir Ihre Homepage intensiv angeschaut und ich gestehe, ich bin sehr beeindruckt von den Bildern und Cartoons&#8220;\/Zitat A. [&hellip;]<\/p>\n","protected":false},"author":1,"featured_media":0,"parent":0,"menu_order":0,"comment_status":"closed","ping_status":"closed","template":"","meta":{"footnotes":""},"class_list":["post-559","page","type-page","status-publish","hentry"],"_links":{"self":[{"href":"https:\/\/armbruster-verlag.de\/index.php\/wp-json\/wp\/v2\/pages\/559","targetHints":{"allow":["GET"]}}],"collection":[{"href":"https:\/\/armbruster-verlag.de\/index.php\/wp-json\/wp\/v2\/pages"}],"about":[{"href":"https:\/\/armbruster-verlag.de\/index.php\/wp-json\/wp\/v2\/types\/page"}],"author":[{"embeddable":true,"href":"https:\/\/armbruster-verlag.de\/index.php\/wp-json\/wp\/v2\/users\/1"}],"replies":[{"embeddable":true,"href":"https:\/\/armbruster-verlag.de\/index.php\/wp-json\/wp\/v2\/comments?post=559"}],"version-history":[{"count":15,"href":"https:\/\/armbruster-verlag.de\/index.php\/wp-json\/wp\/v2\/pages\/559\/revisions"}],"predecessor-version":[{"id":1380,"href":"https:\/\/armbruster-verlag.de\/index.php\/wp-json\/wp\/v2\/pages\/559\/revisions\/1380"}],"wp:attachment":[{"href":"https:\/\/armbruster-verlag.de\/index.php\/wp-json\/wp\/v2\/media?parent=559"}],"curies":[{"name":"wp","href":"https:\/\/api.w.org\/{rel}","templated":true}]}}