{"id":563,"date":"2021-01-13T18:57:05","date_gmt":"2021-01-13T18:57:05","guid":{"rendered":"https:\/\/armbruster-verlag.de\/?page_id=563"},"modified":"2025-04-03T19:12:42","modified_gmt":"2025-04-03T19:12:42","slug":"vita","status":"publish","type":"page","link":"https:\/\/armbruster-verlag.de\/index.php\/vita\/","title":{"rendered":"Vita"},"content":{"rendered":"<h3 style=\"text-align: center;\"><\/h3>\n<h3 style=\"text-align: center;\"><span style=\"color: #ffffff;\">Ich bin ein <strong>deutscher<\/strong>\u00a0 K\u00fcnstler\u00a0 und ehemaliger Experte f\u00fcr LOGISTIK.<\/span><\/h3>\n<h3 style=\"text-align: center;\"><span style=\"color: #ffffff;\"><img loading=\"lazy\" decoding=\"async\" class=\"alignnone size-full wp-image-1287\" src=\"https:\/\/armbruster-verlag.de\/wp-content\/uploads\/2025\/04\/Rolf-83-foto.jpg\" alt=\"\" width=\"2000\" height=\"1668\" srcset=\"https:\/\/armbruster-verlag.de\/wp-content\/uploads\/2025\/04\/Rolf-83-foto.jpg 2000w, https:\/\/armbruster-verlag.de\/wp-content\/uploads\/2025\/04\/Rolf-83-foto-300x250.jpg 300w, https:\/\/armbruster-verlag.de\/wp-content\/uploads\/2025\/04\/Rolf-83-foto-1024x854.jpg 1024w, https:\/\/armbruster-verlag.de\/wp-content\/uploads\/2025\/04\/Rolf-83-foto-768x641.jpg 768w, https:\/\/armbruster-verlag.de\/wp-content\/uploads\/2025\/04\/Rolf-83-foto-1536x1281.jpg 1536w, https:\/\/armbruster-verlag.de\/wp-content\/uploads\/2025\/04\/Rolf-83-foto-1200x1001.jpg 1200w, https:\/\/armbruster-verlag.de\/wp-content\/uploads\/2025\/04\/Rolf-83-foto-1980x1651.jpg 1980w\" sizes=\"auto, (max-width: 2000px) 100vw, 2000px\" \/><\/span><span style=\"color: #ffffff;\">\u00a0 \u00a0<\/span><span style=\"color: #000000;\"><strong>Die Zeitung &#8222;<em>Neue Westf\u00e4lische&#8220;<\/em> meint, ich kann <em>Zukunfts-Fantasien zeichnen mit dem &#8218;technologischen Werkzeug der Gegenwart&#8216;<\/em>.<\/strong><\/span><\/h3>\n<h5><strong><em><img loading=\"lazy\" decoding=\"async\" class=\" wp-image-917 aligncenter\" src=\"https:\/\/armbruster-verlag.de\/wp-content\/uploads\/2022\/04\/2020-Zukunftsfantasien-Kopie.jpg\" alt=\"\" width=\"470\" height=\"443\" \/><\/em><\/strong><\/h5>\n<h5 style=\"text-align: center;\"><span style=\"color: #000000;\">Aktuelles aus der NW\/als Preistr\u00e4ger ausgezeichent:<\/span><\/h5>\n<h5 style=\"text-align: center;\"><span style=\"color: #000000;\"><img loading=\"lazy\" decoding=\"async\" class=\"alignnone wp-image-1268\" src=\"https:\/\/armbruster-verlag.de\/wp-content\/uploads\/2025\/03\/2025-Kunst-im-Kastekleinbildpdf-Kopie.jpg\" alt=\"\" width=\"468\" height=\"490\" \/>Als es das digitale Zeitalter noch nicht gab, war ich oft als Stra\u00dfenk\u00fcnstler mit Block und Farben auf Reisen. \u00a0 \u00a0 \u00a0 \u00a0 \u00a0 \u00a0 \u00a0<em>(Foto: live in Tokyo).<\/em><\/span><\/h5>\n<p><img loading=\"lazy\" decoding=\"async\" class=\"alignnone size-full wp-image-231\" src=\"https:\/\/armbruster-verlag.de\/wp-content\/uploads\/2020\/12\/2020-07-Vita-Tokyo-FOTO-Kopie-768x519-1.jpg\" alt=\"\" width=\"768\" height=\"519\" srcset=\"https:\/\/armbruster-verlag.de\/wp-content\/uploads\/2020\/12\/2020-07-Vita-Tokyo-FOTO-Kopie-768x519-1.jpg 768w, https:\/\/armbruster-verlag.de\/wp-content\/uploads\/2020\/12\/2020-07-Vita-Tokyo-FOTO-Kopie-768x519-1-300x203.jpg 300w\" sizes=\"auto, (max-width: 768px) 100vw, 768px\" \/><\/p>\n<h5 style=\"text-align: center;\"><span style=\"color: #ffffff;\">Heute sitze ich am PC und &#8218;die Ideen reisen digital&#8216;.<\/span><\/h5>\n<p>****************************************************************<\/p>\n<h5><span style=\"color: #000000;\">1. Summery Vita<\/span><strong>\u00a0 \u00a0 \u00a0 \u00a0 \u00a0 \u00a0 \u00a0 \u00a0 \u00a0 \u00a0 \u00a0 \u00a0 \u00a0 \u00a0 \u00a0 \u00a0 \u00a0 \u00a0 \u00a0 \u00a0 \u00a0 \u00a0 \u00a0 \u00a0 \u00a0 \u00a0 \u00a0 \u00a0 \u00a0 \u00a0 \u00a0 \u00a0 \u00a0 \u00a0 \u00a0 \u00a0 \u00a0 \u00a0 \u00a0 \u00a0 \u00a0 \u00a0 \u00a0 \u00a0 \u00a0 &gt;\u00a0 <\/strong><strong>Am 30. M\u00c4RZ 1942 in BW\/ L\u00f6rrach geboren\u00a0 \u00a0 \u00a0 \u00a0 \u00a0 \u00a0 \u00a0 \u00a0 \u00a0<\/strong><strong>&gt;\u00a0 Schulen in Rheinfelden, Bad S\u00e4ckingen, Basel\u00a0 \u00a0 \u00a0 \u00a0 \u00a0 \u00a0 \u00a0<\/strong><strong>&gt; Wohnt <\/strong>in NRW\/Stadt Verl\u00a0 \u00a0 \u00a0 \u00a0 \u00a0 \u00a0 \u00a0 \u00a0 \u00a0 \u00a0 \u00a0 <strong>\u00a0 \u00a0 \u00a0 \u00a0 \u00a0 \u00a0 \u00a0 \u00a0 \u00a0 \u00a0 \u00a0 \u00a0 \u00a0 \u00a0\u00a0<\/strong><strong>\u00a0 \u00a0 \u00a0 \u00a0 \u00a0 \u00a0 \u00a0&gt; <\/strong><strong>Studium: Techn.\u00a0 BWL\/Logistik in Weil a.R.\u00a0 \u00a0 \u00a0 \u00a0 \u00a0 \u00a0 \u00a0 \u00a0 \u00a0 <\/strong><strong>\u00a0 \u00a0 \u00a0&gt; Kunststudium Akademie Karlsruhe\u00a0 und\u00a0 \u00a0 \u00a0 \u00a0 \u00a0 \u00a0 \u00a0 \u00a0 \u00a0 \u00a0 \u00a0 \u00a0 \u00a0 \u00a0 \u00a0&gt;\u00a0 Farblehre bei Dr. Frieling\u00a0 \u00a0 \u00a0 \u00a0 \u00a0 \u00a0 \u00a0<\/strong><strong>\u00a0 \u00a0 \u00a0 \u00a0 \u00a0 \u00a0 \u00a0 \u00a0 \u00a0 \u00a0 \u00a0 \u00a0 \u00a0 \u00a0 \u00a0 \u00a0 \u00a0 \u00a0 \u00a0 \u00a0 \u00a0 \u00a0 \u00a0 \u00a0 \u00a0&gt; 35 Jahre Logistik-Manager bei Bertelsmann\u00a0 \u00a0 \u00a0 \u00a0 \u00a0 \u00a0 \u00a0 \u00a0 \u00a0 \u00a0&gt; 37 Jahre Bildkunst\u00a0 \u00a0 \u00a0 \u00a0 \u00a0 \u00a0 \u00a0 \u00a0 \u00a0 \u00a0 \u00a0 \u00a0 \u00a0 \u00a0 \u00a0 \u00a0 \u00a0 \u00a0 \u00a0 \u00a0 \u00a0 \u00a0 \u00a0 \u00a0 <\/strong><strong style=\"letter-spacing: 0.03125em;\">\u00a0 \u00a0 \u00a0 \u00a0 \u00a0 \u00a0 \u00a0 \u00a0 \u00a0 \u00a0 \u00a0&gt; <\/strong><span style=\"color: #ffffff;\"><strong>Ausstellungen u.a. in Basel, Berlin, Bremen,\u00a0 \u00a0 \u00a0 \u00a0 \u00a0 \u00a0 \u00a0 \u00a0 \u00a0 \u00a0 \u00a0 \u00a0 D\u00fcsseldorf, G\u00fctersloh, M\u00fcnchen, Wien, Paris<\/strong><\/span><\/h5>\n<h5><span style=\"color: #000000;\">2. Summery BildK\u00fcnstler:\u00a0 \u00a0 \u00a0 \u00a0 \u00a0 \u00a0 \u00a0 \u00a0 \u00a0 \u00a0 \u00a0 \u00a0 \u00a0 \u00a0 \u00a0 \u00a0 \u00a0 \u00a0 \u00a0 \u00a0 \u00a0 \u00a0 \u00a0 \u00a0 \u00a0 \u00a0 \u00a0 \u00a0 \u00a0 \u00a0 \u00a0 \u00a0 \u00a0 <\/span><strong>\u00a0&gt; 500 <\/strong>DigitalBilder + Drucke in Galerie-Qualit\u00e4t\u00a0 \u00a0 \u00a0 \u00a0 \u00a0 \u00a0 \u00a0 \u00a0&gt; AuftragsBilder\u00a0 f\u00fcr die Logistik-Industrie \u00a0 \u00a0 \u00a0 \u00a0 \u00a0 \u00a0 \u00a0 \u00a0 \u00a0 \u00a0 \u00a0 \u00a0&gt; CartoonB\u00fccher mit 1000 Cartoons\u00a0 \u00a0 \u00a0 \u00a0 \u00a0 \u00a0 \u00a0 \u00a0 \u00a0 \u00a0 \u00a0 \u00a0 \u00a0 \u00a0 \u00a0 \u00a0 \u00a0 \u00a0 \u00a0&gt; 250 Cartoons f\u00fcr die VDI-Zeitschrift &#8218;VDI-Z&#8216;\u00a0 \u00a0 \u00a0 \u00a0 \u00a0 \u00a0 \u00a0 \u00a0 \u00a0 \u00a0 \u00a0&gt; Malbuch f\u00fcr Kids<\/h5>\n<h5><span style=\"color: #000000;\">3. Summery Logistik\/Experte 1968-2003:\u00a0 \u00a0 \u00a0 \u00a0 \u00a0<\/span>Manager bei arvato, G\u00fctersloh (ein Unternehmen der Bertelsmann Gruppe)<\/h5>\n<h6><strong>\u2026 Projekt-ltg. NEUBAU des MODERNSTEN LOGISTIK-CENTRum EUROPAS in G\u00fctersloh <em><span style=\"color: #000000;\">(Zitat Chronik &#8218;175 Jahre BERTELSMANN&#8216;)\u00a0<\/span><\/em><\/strong><\/h6>\n<h6><strong>\u2026 DIREKTOR\u00a0 LOGISTIKZENTRUM IN POLEN\/POZNAN:\u00a0 \u00a0 \u00a0 \u00a0 \u00a0BEGINN der \u00a0INTERNATIONALISIERUNG VON ARVATO<em> <span style=\"color: #000000;\">(ZITAT:<\/span><\/em><\/strong><strong><em><span style=\"color: #000000;\">Bertelsmann-managements-news 1997\/98,\u00a0 \u00a0 \u00a0 \u00a0 <\/span><\/em><\/strong><strong><em><span style=\"color: #000000;\">10 Mio Pakete\/30 Mio Mailing j\u00e4hrlich)\u00a0<\/span><\/em><\/strong><\/h6>\n<h6><strong><em><span style=\"color: #000000;\"> \u00a0<\/span><\/em><\/strong><strong>\u2026 CONSULTANT\u00a0 und referent F\u00dcR intern. MEDIEN-LOGISTIK:<span style=\"color: #000000;\"> <em>u.a. IN Atlanta,\u00a0 Barcelona, berlin, br\u00fcssel, helsinki, Lissabon, l\u00f6rrach, Mailand, mexico, m\u00fcnchen, no, sao paulo, tokio, z\u00fcrich <\/em>\u00a0<\/span><\/strong><\/h6>\n<h6><strong> &#8230; <\/strong><strong><em>EHRENNADEL<\/em>\u00a0 f\u00fcr besondere Verdienste in der Logistik durch BVL-BUNDESVEREINIGUNG LOGISTIK<\/strong><\/h6>\n<h6><strong>\u00a0 ___________________________________________________________<\/strong><\/h6>\n<h6 style=\"text-align: center;\">\u00a0 \u00a0 PS:<\/h6>\n<h4 style=\"text-align: center;\">\u00a0 \u00a0<span style=\"color: #000000;\">Hier habe ich meine Grundlagen f\u00fcr meine\u00a0 &#8218;Logistik-Berufung&#8216; erlernt:<\/span><\/h4>\n<h6 style=\"text-align: center;\">\u00a0 \u00a0 \u00a0 \u00a0 \u00a0 \u00a0 \u00a0 \u00a0 \u00a0 \u00a0 Bild: <em>Rhein-Kraftwerk in Rheinfelden:\u00a0 \u00a0 \u00a0 \u00a0 \u00a0 \u00a0 \u00a0 \u00a0 \u00a0 \u00a0 \u00a0 \u00a0 \u00a0 \u00a0 \u00a0 <\/em>Turbinenbetrieb f\u00fcr strom mit Rhein-Wasser. (heute ist das Kraftwrk abgerissen).<\/h6>\n<p><img loading=\"lazy\" decoding=\"async\" class=\"alignnone size-full wp-image-236\" src=\"https:\/\/armbruster-verlag.de\/wp-content\/uploads\/2020\/12\/2020-07-VITY-KRAFTW-FOTO.jpg\" alt=\"\" width=\"815\" height=\"630\" srcset=\"https:\/\/armbruster-verlag.de\/wp-content\/uploads\/2020\/12\/2020-07-VITY-KRAFTW-FOTO.jpg 815w, https:\/\/armbruster-verlag.de\/wp-content\/uploads\/2020\/12\/2020-07-VITY-KRAFTW-FOTO-300x232.jpg 300w, https:\/\/armbruster-verlag.de\/wp-content\/uploads\/2020\/12\/2020-07-VITY-KRAFTW-FOTO-768x594.jpg 768w\" sizes=\"auto, (max-width: 815px) 100vw, 815px\" \/><\/p>\n<h6><\/h6>\n","protected":false},"excerpt":{"rendered":"<p>Ich bin ein deutscher\u00a0 K\u00fcnstler\u00a0 und ehemaliger Experte f\u00fcr LOGISTIK. \u00a0 \u00a0Die Zeitung &#8222;Neue Westf\u00e4lische&#8220; meint, ich kann Zukunfts-Fantasien zeichnen mit dem &#8218;technologischen Werkzeug der Gegenwart&#8216;. Aktuelles aus der NW\/als Preistr\u00e4ger ausgezeichent: Als es das digitale Zeitalter noch nicht gab, war ich oft als Stra\u00dfenk\u00fcnstler mit Block und Farben auf Reisen. \u00a0 \u00a0 \u00a0 \u00a0 [&hellip;]<\/p>\n","protected":false},"author":1,"featured_media":0,"parent":0,"menu_order":0,"comment_status":"closed","ping_status":"closed","template":"","meta":{"footnotes":""},"class_list":["post-563","page","type-page","status-publish","hentry"],"_links":{"self":[{"href":"https:\/\/armbruster-verlag.de\/index.php\/wp-json\/wp\/v2\/pages\/563","targetHints":{"allow":["GET"]}}],"collection":[{"href":"https:\/\/armbruster-verlag.de\/index.php\/wp-json\/wp\/v2\/pages"}],"about":[{"href":"https:\/\/armbruster-verlag.de\/index.php\/wp-json\/wp\/v2\/types\/page"}],"author":[{"embeddable":true,"href":"https:\/\/armbruster-verlag.de\/index.php\/wp-json\/wp\/v2\/users\/1"}],"replies":[{"embeddable":true,"href":"https:\/\/armbruster-verlag.de\/index.php\/wp-json\/wp\/v2\/comments?post=563"}],"version-history":[{"count":95,"href":"https:\/\/armbruster-verlag.de\/index.php\/wp-json\/wp\/v2\/pages\/563\/revisions"}],"predecessor-version":[{"id":1288,"href":"https:\/\/armbruster-verlag.de\/index.php\/wp-json\/wp\/v2\/pages\/563\/revisions\/1288"}],"wp:attachment":[{"href":"https:\/\/armbruster-verlag.de\/index.php\/wp-json\/wp\/v2\/media?parent=563"}],"curies":[{"name":"wp","href":"https:\/\/api.w.org\/{rel}","templated":true}]}}