{"id":589,"date":"2021-01-17T20:11:03","date_gmt":"2021-01-17T20:11:03","guid":{"rendered":"https:\/\/armbruster-verlag.de\/?page_id=589"},"modified":"2026-01-15T09:24:49","modified_gmt":"2026-01-15T09:24:49","slug":"corona-logistics","status":"publish","type":"page","link":"https:\/\/armbruster-verlag.de\/index.php\/corona-logistics\/","title":{"rendered":"Ausstellung &#8222;Kunst im Kasten&#8220; 2025"},"content":{"rendered":"<h3 style=\"text-align: center;\"><span style=\"color: #ffffff;\">Meine Ausstellung in G\u00fctersloh vom Oktober bis Dezember 2025 war ein voller Erfolg.<\/span><\/h3>\n<h5><img loading=\"lazy\" decoding=\"async\" class=\"alignnone size-full wp-image-1406\" src=\"https:\/\/armbruster-verlag.de\/wp-content\/uploads\/2026\/01\/00-KuiKa-foto-1jpg.jpg\" alt=\"\" width=\"591\" height=\"443\" srcset=\"https:\/\/armbruster-verlag.de\/wp-content\/uploads\/2026\/01\/00-KuiKa-foto-1jpg.jpg 591w, https:\/\/armbruster-verlag.de\/wp-content\/uploads\/2026\/01\/00-KuiKa-foto-1jpg-300x225.jpg 300w\" sizes=\"auto, (max-width: 591px) 100vw, 591px\" \/><span style=\"color: #ffffff;\"><span style=\"color: #000000;\">90 Zeichnungen verschiedenster Gr\u00f6\u00dfe konnte man in der Vitrine\u00a0 bestaunen. Es gab nicht nur Bildkunst vom 4 Stadtbildern von G\u00fctersloh anno 1825, 2025, 2225\u00a0 und 3000.<\/span><\/span><\/h5>\n<h4 style=\"text-align: center;\"><img loading=\"lazy\" decoding=\"async\" class=\"alignnone size-full wp-image-1350\" src=\"https:\/\/armbruster-verlag.de\/wp-content\/uploads\/2025\/10\/01-KuiKa-foto-4pg.jpg\" alt=\"\" width=\"600\" height=\"450\" srcset=\"https:\/\/armbruster-verlag.de\/wp-content\/uploads\/2025\/10\/01-KuiKa-foto-4pg.jpg 600w, https:\/\/armbruster-verlag.de\/wp-content\/uploads\/2025\/10\/01-KuiKa-foto-4pg-300x225.jpg 300w\" sizes=\"auto, (max-width: 600px) 100vw, 600px\" \/><\/h4>\n<h5><span style=\"color: #ffffff;\"><span style=\"color: #000000;\">Der Spannungsbogen wurde auch durch meine Bilder aus dem heutigen cosmopolitischen Umfeld der Stadt von A (Aachen) \u00fcber Mailand, Tokyo und New Orleans bis Z (Z\u00fcrich) hergestellt.<\/span><\/span><\/h5>\n<h4 style=\"text-align: center;\"><img loading=\"lazy\" decoding=\"async\" class=\"alignnone size-full wp-image-1408\" src=\"https:\/\/armbruster-verlag.de\/wp-content\/uploads\/2026\/01\/09-Kuika-Foto.jpg\" alt=\"\" width=\"1500\" height=\"1534\" srcset=\"https:\/\/armbruster-verlag.de\/wp-content\/uploads\/2026\/01\/09-Kuika-Foto.jpg 1500w, https:\/\/armbruster-verlag.de\/wp-content\/uploads\/2026\/01\/09-Kuika-Foto-293x300.jpg 293w, https:\/\/armbruster-verlag.de\/wp-content\/uploads\/2026\/01\/09-Kuika-Foto-1001x1024.jpg 1001w, https:\/\/armbruster-verlag.de\/wp-content\/uploads\/2026\/01\/09-Kuika-Foto-768x785.jpg 768w, https:\/\/armbruster-verlag.de\/wp-content\/uploads\/2026\/01\/09-Kuika-Foto-1200x1227.jpg 1200w\" sizes=\"auto, (max-width: 1500px) 100vw, 1500px\" \/><\/h4>\n<h5><span style=\"color: #ffffff;\"><span style=\"color: #000000;\">Die Paketzustellung auf dem Mond war ebenso Gegenstand eines Bildes.<\/span><\/span><\/h5>\n<h5><img loading=\"lazy\" decoding=\"async\" class=\"alignnone size-full wp-image-1409\" src=\"https:\/\/armbruster-verlag.de\/wp-content\/uploads\/2026\/01\/06-Kuika-Foto.jpg\" alt=\"\" width=\"591\" height=\"443\" srcset=\"https:\/\/armbruster-verlag.de\/wp-content\/uploads\/2026\/01\/06-Kuika-Foto.jpg 591w, https:\/\/armbruster-verlag.de\/wp-content\/uploads\/2026\/01\/06-Kuika-Foto-300x225.jpg 300w\" sizes=\"auto, (max-width: 591px) 100vw, 591px\" \/><span style=\"color: #ffffff;\"><span style=\"color: #000000;\">Sonnenaufgang im asiatischen Raum.<\/span><\/span><\/h5>\n<h5><img loading=\"lazy\" decoding=\"async\" class=\"alignnone size-full wp-image-1411\" src=\"https:\/\/armbruster-verlag.de\/wp-content\/uploads\/2026\/01\/05-Kuika-foto.jpg\" alt=\"\" width=\"591\" height=\"443\" srcset=\"https:\/\/armbruster-verlag.de\/wp-content\/uploads\/2026\/01\/05-Kuika-foto.jpg 591w, https:\/\/armbruster-verlag.de\/wp-content\/uploads\/2026\/01\/05-Kuika-foto-300x225.jpg 300w\" sizes=\"auto, (max-width: 591px) 100vw, 591px\" \/><\/h5>\n<h5><span style=\"color: #ffffff;\"><span style=\"color: #000000;\">Im Jahr 3000 kann man sehen, dass Powerfrauen allgegenw\u00e4rtig im Stadtbild von heute sind. <img loading=\"lazy\" decoding=\"async\" class=\"alignnone size-full wp-image-1413\" src=\"https:\/\/armbruster-verlag.de\/wp-content\/uploads\/2026\/01\/07-Kuika-foto-1.jpg\" alt=\"\" width=\"591\" height=\"443\" srcset=\"https:\/\/armbruster-verlag.de\/wp-content\/uploads\/2026\/01\/07-Kuika-foto-1.jpg 591w, https:\/\/armbruster-verlag.de\/wp-content\/uploads\/2026\/01\/07-Kuika-foto-1-300x225.jpg 300w\" sizes=\"auto, (max-width: 591px) 100vw, 591px\" \/><\/span><\/span><\/h5>\n<h5 style=\"text-align: center;\"><\/h5>\n","protected":false},"excerpt":{"rendered":"<p>Meine Ausstellung in G\u00fctersloh vom Oktober bis Dezember 2025 war ein voller Erfolg. 90 Zeichnungen verschiedenster Gr\u00f6\u00dfe konnte man in der Vitrine\u00a0 bestaunen. Es gab nicht nur Bildkunst vom 4 Stadtbildern von G\u00fctersloh anno 1825, 2025, 2225\u00a0 und 3000. Der Spannungsbogen wurde auch durch meine Bilder aus dem heutigen cosmopolitischen Umfeld der Stadt von A [&hellip;]<\/p>\n","protected":false},"author":2,"featured_media":0,"parent":0,"menu_order":0,"comment_status":"closed","ping_status":"closed","template":"","meta":{"footnotes":""},"class_list":["post-589","page","type-page","status-publish","hentry"],"_links":{"self":[{"href":"https:\/\/armbruster-verlag.de\/index.php\/wp-json\/wp\/v2\/pages\/589","targetHints":{"allow":["GET"]}}],"collection":[{"href":"https:\/\/armbruster-verlag.de\/index.php\/wp-json\/wp\/v2\/pages"}],"about":[{"href":"https:\/\/armbruster-verlag.de\/index.php\/wp-json\/wp\/v2\/types\/page"}],"author":[{"embeddable":true,"href":"https:\/\/armbruster-verlag.de\/index.php\/wp-json\/wp\/v2\/users\/2"}],"replies":[{"embeddable":true,"href":"https:\/\/armbruster-verlag.de\/index.php\/wp-json\/wp\/v2\/comments?post=589"}],"version-history":[{"count":75,"href":"https:\/\/armbruster-verlag.de\/index.php\/wp-json\/wp\/v2\/pages\/589\/revisions"}],"predecessor-version":[{"id":1433,"href":"https:\/\/armbruster-verlag.de\/index.php\/wp-json\/wp\/v2\/pages\/589\/revisions\/1433"}],"wp:attachment":[{"href":"https:\/\/armbruster-verlag.de\/index.php\/wp-json\/wp\/v2\/media?parent=589"}],"curies":[{"name":"wp","href":"https:\/\/api.w.org\/{rel}","templated":true}]}}